{"id":12,"date":"2020-03-24T13:48:07","date_gmt":"2020-03-24T13:48:07","guid":{"rendered":"https:\/\/demosoledad.pencidesign.net\/soledad-mechanics-business-multipurpose\/?page_id=12"},"modified":"2024-09-20T19:58:48","modified_gmt":"2024-09-20T17:58:48","slug":"kontakt","status":"publish","type":"page","link":"https:\/\/autohaust.pl\/index.php\/kontakt\/","title":{"rendered":"KONTAKT"},"content":{"rendered":"\t\t<div data-elementor-type=\"wp-page\" data-elementor-id=\"12\" class=\"elementor elementor-12\">\n\t\t\t\t\t\t<section class=\"penci-section penci-dmcheck penci-elbg-activate penci-disSticky penci-structure-10 elementor-section elementor-top-section elementor-element elementor-element-4515c72 elementor-section-boxed elementor-section-height-default elementor-section-height-default\" data-id=\"4515c72\" data-element_type=\"section\" data-settings=\"{&quot;background_background&quot;:&quot;classic&quot;}\">\n\t\t\t\t\t\t<div class=\"elementor-container elementor-column-gap-no\">\n\t\t\t\t\t<div class=\"penci-ercol-100 penci-ercol-order-1 penci-sticky-ct    elementor-column elementor-col-100 elementor-top-column elementor-element elementor-element-5afe53d\" data-id=\"5afe53d\" data-element_type=\"column\">\n\t\t\t<div class=\"elementor-widget-wrap elementor-element-populated\">\n\t\t\t\t\t\t<div class=\"elementor-element elementor-element-5ad3b08 elementor-widget elementor-widget-penci-fancy_heading\" data-id=\"5ad3b08\" data-element_type=\"widget\" data-widget_type=\"penci-fancy_heading.default\">\n\t\t\t\t<div class=\"elementor-widget-container\">\n\t\t\t\t\t<div class=\"penci-fancy-heading penci-heading-text-center\">\n\t\t\t<div class=\"penci-fancy-heading-inner\">\n\t\t\t\t<h2 class=\"penci-heading-title\"><span class=\"inner-tit\">Skontaktuj si\u0119 z nami<\/span><\/h2><div class=\"penci-heading-content entry-content\"><p>Zadzwo\u0144, napisz lub odwied\u017a nasz warsztat. Ch\u0119tnie odpowiemy na wszystkie pytania i doradzimy najlepsze rozwi\u0105zanie. Diagnostyka i wycena u nas zawsze jest darmowa. Zapraszamy!<\/p>\n<\/div>\t\t\t<\/div>\n\t\t<\/div>\n\t\t\t\t<\/div>\n\t\t\t\t<\/div>\n\t\t\t\t\t<\/div>\n\t\t<\/div>\n\t\t\t\t\t<\/div>\n\t\t<\/section>\n\t\t\t\t<section class=\"penci-section penci-disSticky penci-structure-30 elementor-section elementor-top-section elementor-element elementor-element-b681d00 elementor-section-content-middle elementor-section-boxed elementor-section-height-default elementor-section-height-default\" data-id=\"b681d00\" data-element_type=\"section\">\n\t\t\t\t\t\t<div class=\"elementor-container elementor-column-gap-extended\">\n\t\t\t\t\t<div class=\"penci-ercol-33 penci-ercol-order-1 penci-sticky-sb penci-sidebarSC penci-dmcheck penci-elbg-activate penci-elbg-img elementor-column elementor-col-33 elementor-top-column elementor-element elementor-element-ba8e448\" data-id=\"ba8e448\" data-element_type=\"column\" data-settings=\"{&quot;background_background&quot;:&quot;classic&quot;,&quot;animation&quot;:&quot;none&quot;}\">\n\t\t\t<div class=\"elementor-widget-wrap elementor-element-populated\">\n\t\t\t\t\t\t<div class=\"elementor-element elementor-element-d6e7a4a elementor-widget-tablet__width-initial elementor-widget-mobile__width-initial elementor-hidden-tablet elementor-widget elementor-widget-image\" data-id=\"d6e7a4a\" data-element_type=\"widget\" data-widget_type=\"image.default\">\n\t\t\t\t<div class=\"elementor-widget-container\">\n\t\t\t\t\t\t\t\t\t\t\t\t\t<img fetchpriority=\"high\" decoding=\"async\" width=\"683\" height=\"1024\" src=\"https:\/\/autohaust.pl\/wp-content\/uploads\/2024\/08\/pexels-cottonbro-7019392-kopia-683x1024.jpg\" class=\"attachment-large size-large wp-image-473\" alt=\"\" srcset=\"https:\/\/autohaust.pl\/wp-content\/uploads\/2024\/08\/pexels-cottonbro-7019392-kopia-683x1024.jpg 683w, https:\/\/autohaust.pl\/wp-content\/uploads\/2024\/08\/pexels-cottonbro-7019392-kopia-200x300.jpg 200w, https:\/\/autohaust.pl\/wp-content\/uploads\/2024\/08\/pexels-cottonbro-7019392-kopia-768x1152.jpg 768w, https:\/\/autohaust.pl\/wp-content\/uploads\/2024\/08\/pexels-cottonbro-7019392-kopia-1024x1536.jpg 1024w, https:\/\/autohaust.pl\/wp-content\/uploads\/2024\/08\/pexels-cottonbro-7019392-kopia-1365x2048.jpg 1365w, https:\/\/autohaust.pl\/wp-content\/uploads\/2024\/08\/pexels-cottonbro-7019392-kopia-1170x1755.jpg 1170w, https:\/\/autohaust.pl\/wp-content\/uploads\/2024\/08\/pexels-cottonbro-7019392-kopia-585x878.jpg 585w, https:\/\/autohaust.pl\/wp-content\/uploads\/2024\/08\/pexels-cottonbro-7019392-kopia.jpg 1600w\" sizes=\"(max-width: 683px) 100vw, 683px\" \/>\t\t\t\t\t\t\t\t\t\t\t\t\t<\/div>\n\t\t\t\t<\/div>\n\t\t\t\t\t<\/div>\n\t\t<\/div>\n\t\t\t\t<div class=\"penci-ercol-33 penci-ercol-order-2 penci-sticky-sb penci-sidebarSC   elementor-column elementor-col-33 elementor-top-column elementor-element elementor-element-2008722\" data-id=\"2008722\" data-element_type=\"column\" data-settings=\"{&quot;animation&quot;:&quot;none&quot;,&quot;animation_mobile&quot;:&quot;fadeInLeft&quot;}\">\n\t\t\t<div class=\"elementor-widget-wrap elementor-element-populated\">\n\t\t\t\t\t\t<div class=\"elementor-element elementor-element-1258601 elementor-widget elementor-widget-penci-info-box\" data-id=\"1258601\" data-element_type=\"widget\" data-widget_type=\"penci-info-box.default\">\n\t\t\t\t<div class=\"elementor-widget-container\">\n\t\t\t        <div id=\"penci_info_box_26767\" class=\"penci-block-vc penci-info-box penci-ibox-top-left penci-view-stacked penci-shape-circle\">\n            <div class=\"penci-ibox-inner penci-animation-grow\">\n\t\t\t\t\t\t\t\t<div class=\"penci-ibox-icon penci-ibox-icon--icon penci-icon penci-tibox-icon\"><span class=\"penci-ibox-icon-fa\"><i class=\"penci-ibox-icon--i fa fa-map-pin\" aria-hidden=\"true\"><\/i><\/span><\/div>                <div class=\"penci-ibox-content-wrap\">\n\t\t\t\t\t\t\t\t\t\t<h3\n                            class=\"penci-ibox-title\">Adres Warsztatu<\/h3>\t\t\t\t\t\t\t\t\t\t                        <div class=\"penci-ibox-content\"><p>Warszawska 92A<\/p>\n<p>05-119 Micha\u0142\u00f3w-Regin\u00f3w<\/p>\n<p>(ko\u0142o Legionowa) woj. mazowieckie<\/p>\n<\/div>\t\t\t\t\t                <\/div>\n            <\/div>\n        <\/div>\n\t\t\t\t<\/div>\n\t\t\t\t<\/div>\n\t\t\t\t<div class=\"elementor-element elementor-element-9d03a53 elementor-widget elementor-widget-penci-info-box\" data-id=\"9d03a53\" data-element_type=\"widget\" data-widget_type=\"penci-info-box.default\">\n\t\t\t\t<div class=\"elementor-widget-container\">\n\t\t\t        <div id=\"penci_info_box_39760\" class=\"penci-block-vc penci-info-box penci-ibox-top-left penci-view-stacked penci-shape-circle\">\n            <div class=\"penci-ibox-inner penci-animation-grow\">\n\t\t\t\t\t\t\t\t<div class=\"penci-ibox-icon penci-ibox-icon--icon penci-icon penci-tibox-icon\"><span class=\"penci-ibox-icon-fa\"><i class=\"penci-ibox-icon--i fa fa-envelope-open\" aria-hidden=\"true\"><\/i><\/span><\/div>                <div class=\"penci-ibox-content-wrap\">\n\t\t\t\t\t\t\t\t\t\t<h3\n                            class=\"penci-ibox-title\">Adres Email<\/h3>\t\t\t\t\t\t\t\t\t\t                        <div class=\"penci-ibox-content\"><p>Napisz na: biuro@autohaust.pl<\/p>\n<p>lub skorzystaj z poni\u017cszego<br \/>formularza kontaktowego.<\/p>\n<\/div>\t\t\t\t\t                <\/div>\n            <\/div>\n        <\/div>\n\t\t\t\t<\/div>\n\t\t\t\t<\/div>\n\t\t\t\t\t<\/div>\n\t\t<\/div>\n\t\t\t\t<div class=\"penci-ercol-33 penci-ercol-order-3 penci-sticky-sb penci-sidebarSC   elementor-column elementor-col-33 elementor-top-column elementor-element elementor-element-63aee6e\" data-id=\"63aee6e\" data-element_type=\"column\" data-settings=\"{&quot;animation_mobile&quot;:&quot;fadeInRight&quot;}\">\n\t\t\t<div class=\"elementor-widget-wrap elementor-element-populated\">\n\t\t\t\t\t\t<div class=\"elementor-element elementor-element-ac6640e elementor-widget elementor-widget-penci-info-box\" data-id=\"ac6640e\" data-element_type=\"widget\" data-widget_type=\"penci-info-box.default\">\n\t\t\t\t<div class=\"elementor-widget-container\">\n\t\t\t        <div id=\"penci_info_box_11296\" class=\"penci-block-vc penci-info-box penci-ibox-top-left penci-view-stacked penci-shape-circle\">\n            <div class=\"penci-ibox-inner penci-animation-grow\">\n\t\t\t\t\t\t\t\t<div class=\"penci-ibox-icon penci-ibox-icon--icon penci-icon penci-tibox-icon\"><span class=\"penci-ibox-icon-fa\"><i class=\"penci-ibox-icon--i fa fa-clock-o\" aria-hidden=\"true\"><\/i><\/span><\/div>                <div class=\"penci-ibox-content-wrap\">\n\t\t\t\t\t\t\t\t\t\t<h3\n                            class=\"penci-ibox-title\">Godziny Otwarcia<\/h3>\t\t\t\t\t\t\t\t\t\t                        <div class=\"penci-ibox-content\"><p>poniedzia\u0142ek \u2013 pi\u0105tek<\/p>\n<p>godz. 8.00 \u2013 17.00<\/p>\n<p>\u00a0<\/p>\n<\/div>\t\t\t\t\t                <\/div>\n            <\/div>\n        <\/div>\n\t\t\t\t<\/div>\n\t\t\t\t<\/div>\n\t\t\t\t<div class=\"elementor-element elementor-element-b3a6c6c elementor-widget elementor-widget-penci-info-box\" data-id=\"b3a6c6c\" data-element_type=\"widget\" data-widget_type=\"penci-info-box.default\">\n\t\t\t\t<div class=\"elementor-widget-container\">\n\t\t\t        <div id=\"penci_info_box_53305\" class=\"penci-block-vc penci-info-box penci-ibox-top-left penci-view-stacked penci-shape-circle\">\n            <div class=\"penci-ibox-inner penci-animation-grow\">\n\t\t\t\t\t\t\t\t<div class=\"penci-ibox-icon penci-ibox-icon--icon penci-icon penci-tibox-icon\"><span class=\"penci-ibox-icon-fa\"><i class=\"penci-ibox-icon--i fa fa-phone\" aria-hidden=\"true\"><\/i><\/span><\/div>                <div class=\"penci-ibox-content-wrap\">\n\t\t\t\t\t\t\t\t\t\t<h3\n                            class=\"penci-ibox-title\">Telefon Kontaktowy<\/h3>\t\t\t\t\t\t\t\t\t\t                        <div class=\"penci-ibox-content\"><p>tel. 22 774 26 93<\/p>\n<p>kom. 506 303 744<\/p>\n<p>\u00a0<\/p>\n<\/div>\t\t\t\t\t                <\/div>\n            <\/div>\n        <\/div>\n\t\t\t\t<\/div>\n\t\t\t\t<\/div>\n\t\t\t\t\t<\/div>\n\t\t<\/div>\n\t\t\t\t\t<\/div>\n\t\t<\/section>\n\t\t\t\t<section class=\"penci-section penci-dmcheck penci-elbg-activate penci-elbg-img penci-disSticky penci-structure-20 elementor-section elementor-top-section elementor-element elementor-element-de1e53a elementor-section-full_width elementor-section-content-middle elementor-section-height-default elementor-section-height-default\" data-id=\"de1e53a\" data-element_type=\"section\" data-settings=\"{&quot;background_background&quot;:&quot;classic&quot;}\">\n\t\t\t\t\t\t\t<div class=\"elementor-background-overlay\"><\/div>\n\t\t\t\t\t\t\t<div class=\"elementor-container elementor-column-gap-wider\">\n\t\t\t\t\t<div class=\"penci-ercol-50 penci-ercol-order-1 penci-sticky-ct  penci-dmcheck penci-elbg-activate  elementor-column elementor-col-50 elementor-top-column elementor-element elementor-element-fa15a6c\" data-id=\"fa15a6c\" data-element_type=\"column\" data-settings=\"{&quot;background_background&quot;:&quot;classic&quot;}\">\n\t\t\t<div class=\"elementor-widget-wrap elementor-element-populated\">\n\t\t\t\t\t\t<div class=\"elementor-element elementor-element-d0591f5 elementor-widget elementor-widget-penci-fancy_heading\" data-id=\"d0591f5\" data-element_type=\"widget\" data-widget_type=\"penci-fancy_heading.default\">\n\t\t\t\t<div class=\"elementor-widget-container\">\n\t\t\t\t\t<div class=\"penci-fancy-heading penci-heading-text-left\">\n\t\t\t<div class=\"penci-fancy-heading-inner\">\n\t\t\t\t<h2 class=\"penci-heading-title\"><span class=\"inner-tit\">Napisz do Nas!<\/span><\/h2><div class=\"penci-heading-content entry-content\"><p>Ch\u0119tnie doradzimy i odpowiemy na wszystkie pytania. <\/p>\n<\/div>\t\t\t<\/div>\n\t\t<\/div>\n\t\t\t\t<\/div>\n\t\t\t\t<\/div>\n\t\t\t\t<div class=\"elementor-element elementor-element-fa724fe elementor-widget elementor-widget-shortcode\" data-id=\"fa724fe\" data-element_type=\"widget\" data-widget_type=\"shortcode.default\">\n\t\t\t\t<div class=\"elementor-widget-container\">\n\t\t\t\t\t<div class=\"elementor-shortcode\">\n<div class=\"wpcf7 no-js\" id=\"wpcf7-f248-o1\" lang=\"en-US\" dir=\"ltr\">\n<div class=\"screen-reader-response\"><p role=\"status\" aria-live=\"polite\" aria-atomic=\"true\"><\/p> <ul><\/ul><\/div>\n<form action=\"\/index.php\/wp-json\/wp\/v2\/pages\/12#wpcf7-f248-o1\" method=\"post\" class=\"wpcf7-form init\" aria-label=\"Contact form\" novalidate=\"novalidate\" data-status=\"init\">\n<div style=\"display: none;\">\n<input type=\"hidden\" name=\"_wpcf7\" value=\"248\" \/>\n<input type=\"hidden\" name=\"_wpcf7_version\" value=\"5.9.8\" \/>\n<input type=\"hidden\" name=\"_wpcf7_locale\" value=\"en_US\" \/>\n<input type=\"hidden\" name=\"_wpcf7_unit_tag\" value=\"wpcf7-f248-o1\" \/>\n<input type=\"hidden\" name=\"_wpcf7_container_post\" value=\"0\" \/>\n<input type=\"hidden\" name=\"_wpcf7_posted_data_hash\" value=\"\" \/>\n<input type=\"hidden\" name=\"_wpcf7_recaptcha_response\" value=\"\" \/>\n<\/div>\n<p class=\"name\"><span class=\"wpcf7-form-control-wrap\" data-name=\"your-name\"><input size=\"40\" maxlength=\"400\" class=\"wpcf7-form-control wpcf7-text wpcf7-validates-as-required\" aria-required=\"true\" aria-invalid=\"false\" placeholder=\"Imi\u0119 i Nazwisko*\" value=\"\" type=\"text\" name=\"your-name\" \/><\/span>\n<\/p>\n<p class=\"email\"><span class=\"wpcf7-form-control-wrap\" data-name=\"your-email\"><input size=\"40\" maxlength=\"400\" class=\"wpcf7-form-control wpcf7-email wpcf7-validates-as-required wpcf7-text wpcf7-validates-as-email\" aria-required=\"true\" aria-invalid=\"false\" placeholder=\"Tw\u00f3j e-mail*\" value=\"\" type=\"email\" name=\"your-email\" \/><\/span>\n<\/p>\n<p class=\"subject\"><span class=\"wpcf7-form-control-wrap\" data-name=\"your-subject\"><input size=\"40\" maxlength=\"400\" class=\"wpcf7-form-control wpcf7-text wpcf7-validates-as-required\" aria-required=\"true\" aria-invalid=\"false\" placeholder=\"Temat*\" value=\"\" type=\"text\" name=\"your-subject\" \/><\/span>\n<\/p>\n<p class=\"message\"><span class=\"wpcf7-form-control-wrap\" data-name=\"your-message\"><textarea cols=\"40\" rows=\"10\" maxlength=\"2000\" class=\"wpcf7-form-control wpcf7-textarea wpcf7-validates-as-required\" aria-required=\"true\" aria-invalid=\"false\" placeholder=\"Twoja wiadomo\u015b\u0107*\" name=\"your-message\"><\/textarea><\/span>\n<\/p>\n<p><span class=\"wpcf7-form-control-wrap\" data-name=\"accept-this-1\"><span class=\"wpcf7-form-control wpcf7-acceptance\"><span class=\"wpcf7-list-item\"><label><input type=\"checkbox\" name=\"accept-this-1\" value=\"1\" aria-invalid=\"false\" \/><span class=\"wpcf7-list-item-label\">Potwierdzam, \u017ce zapozna\u0142em si\u0119 i akceptuj\u0119 <a href=\"https:\/\/autohaust.pl\/index.php\/regulamin-strony\/\" target=\"_blank\" rel=\"noopener\" title=\"Regulamin Strony\">Regulamin<\/a> i <a href=\"https:\/\/autohaust.pl\/index.php\/polityka-prywatnosci\/\" target=\"_blank\" rel=\"noopener\" title=\"POLITYKA PRYWATNO\u015aCI\">Polityk\u0119 Prywatno\u015bci<\/a> strony internetowej.<\/span><\/label><\/span><\/span><\/span>\n<\/p>\n<p class=\"submit\"><input class=\"wpcf7-form-control wpcf7-submit has-spinner\" type=\"submit\" value=\"Wy\u015blij\" \/>\n<\/p><div class=\"wpcf7-response-output\" aria-hidden=\"true\"><\/div>\n<\/form>\n<\/div>\n<\/div>\n\t\t\t\t<\/div>\n\t\t\t\t<\/div>\n\t\t\t\t<div class=\"elementor-element elementor-element-1727fee elementor-widget elementor-widget-text-editor\" data-id=\"1727fee\" data-element_type=\"widget\" data-widget_type=\"text-editor.default\">\n\t\t\t\t<div class=\"elementor-widget-container\">\n\t\t\t\t\t\t\t<p>Administratorem Twoich danych osobowych podanych w formularzu kontaktowym jest Wojciech Kwa\u015bniewski, prowadz\u0105cy dzia\u0142alno\u015b\u0107 gospodarcz\u0105 pod nazw\u0105 AUTOHAUST Wojciech Kwa\u015bniewski. Twoje dane s\u0105 przetwarzane przez administratora w celu odpowiedzi na wys\u0142ane zapytanie lub wiadomo\u015b\u0107 i prowadzenia dalszej korespondencji. Podstaw\u0105 przetwarzania w tym przypadku jest art. 6 ust. 1 lit. a RODO, czyli Twoja zgoda wynikaj\u0105ca z zainicjowania kontaktu. Pe\u0142n\u0105 informacj\u0119 na temat cel\u00f3w i podstaw przetwarzania danych znajdziesz w <a href=\"https:\/\/autohaust.pl\/index.php\/polityka-prywatnosci\/\" target=\"_blank\" rel=\"noopener\" data-wplink-url-error=\"true\">Polityce Prywatno\u015bci<\/a>.<\/p>\t\t\t\t\t\t<\/div>\n\t\t\t\t<\/div>\n\t\t\t\t\t<\/div>\n\t\t<\/div>\n\t\t\t\t<div class=\"penci-ercol-50 penci-ercol-order-2 penci-sticky-ct    elementor-column elementor-col-50 elementor-top-column elementor-element elementor-element-1c82dfa\" data-id=\"1c82dfa\" data-element_type=\"column\">\n\t\t\t<div class=\"elementor-widget-wrap elementor-element-populated\">\n\t\t\t\t\t\t<div class=\"elementor-element elementor-element-421b834 elementor-widget elementor-widget-penci-map\" data-id=\"421b834\" data-element_type=\"widget\" data-widget_type=\"penci-map.default\">\n\t\t\t\t<div class=\"elementor-widget-container\">\n\t\t\t<iframe style=\"width:100%;height:550px\" id=\"penci_map_3625\" class=\"penci-block-vc penci-lazy no-api\" data-src=\"https:\/\/maps.google.com\/maps?q=micha%C5%82%C3%B3w-regin%C3%B3w%2C%20warszawska%2092A&#038;t=m&#038;z=12&#038;output=embed&#038;iwloc=near&#038;maptype=road\"><\/iframe>\t\t<\/div>\n\t\t\t\t<\/div>\n\t\t\t\t\t<\/div>\n\t\t<\/div>\n\t\t\t\t\t<\/div>\n\t\t<\/section>\n\t\t\t\t<\/div>\n\t\t","protected":false},"excerpt":{"rendered":"<p>Skontaktuj si\u0119 z nami Zadzwo\u0144, napisz lub odwied\u017a nasz warsztat. Ch\u0119tnie odpowiemy na wszystkie pytania i doradzimy najlepsze rozwi\u0105zanie. Diagnostyka i wycena u nas zawsze jest darmowa. Zapraszamy! Adres Warsztatu&hellip;<\/p>\n","protected":false},"author":1,"featured_media":0,"parent":0,"menu_order":0,"comment_status":"closed","ping_status":"closed","template":"page-fullwidth.php","meta":{"_lmt_disableupdate":"","_lmt_disable":"","footnotes":""},"class_list":["post-12","page","type-page","status-publish","hentry"],"aioseo_notices":[],"_links":{"self":[{"href":"https:\/\/autohaust.pl\/index.php\/wp-json\/wp\/v2\/pages\/12","targetHints":{"allow":["GET"]}}],"collection":[{"href":"https:\/\/autohaust.pl\/index.php\/wp-json\/wp\/v2\/pages"}],"about":[{"href":"https:\/\/autohaust.pl\/index.php\/wp-json\/wp\/v2\/types\/page"}],"author":[{"embeddable":true,"href":"https:\/\/autohaust.pl\/index.php\/wp-json\/wp\/v2\/users\/1"}],"replies":[{"embeddable":true,"href":"https:\/\/autohaust.pl\/index.php\/wp-json\/wp\/v2\/comments?post=12"}],"version-history":[{"count":49,"href":"https:\/\/autohaust.pl\/index.php\/wp-json\/wp\/v2\/pages\/12\/revisions"}],"predecessor-version":[{"id":740,"href":"https:\/\/autohaust.pl\/index.php\/wp-json\/wp\/v2\/pages\/12\/revisions\/740"}],"wp:attachment":[{"href":"https:\/\/autohaust.pl\/index.php\/wp-json\/wp\/v2\/media?parent=12"}],"curies":[{"name":"wp","href":"https:\/\/api.w.org\/{rel}","templated":true}]}}